{"id":717,"date":"2020-07-10T08:05:11","date_gmt":"2020-07-10T08:05:11","guid":{"rendered":"https:\/\/www.vilar-refrigeracio.com\/politica-de-cookies\/"},"modified":"2021-02-22T11:53:49","modified_gmt":"2021-02-22T11:53:49","slug":"politica-de-cookies","status":"publish","type":"page","link":"https:\/\/vilar-refrigeracio.com\/es\/politica-de-cookies\/","title":{"rendered":"Pol\u00edtica de cookies"},"content":{"rendered":"[vc_row][vc_column]<div class=\"ult-spacer spacer-6a05d2c05f93c\" data-id=\"6a05d2c05f93c\" data-height=\"320\" data-height-mobile=\"320\" data-height-tab=\"320\" data-height-tab-portrait=\"\" data-height-mobile-landscape=\"\" style=\"clear:both;display:block;\"><\/div>[vc_column_text]Una Cookie \u00e9s un fitxer que es descarrega en l\u2019ordinador en accedir a determinades p\u00e0gines web. Les cookies permeten a una p\u00e0gina web, entre altres coses, emmagatzemar i recuperar informaci\u00f3 sobre els h\u00e0bits de navegaci\u00f3 d&#8217;un usuari o del seu equip i, depenent de la informaci\u00f3 que contingui i de la forma en qu\u00e8 utilitzi el seu equip, es poden utilitzar per recon\u00e8ixer a l&#8217;usuari. Les cookies s\u00f3n essencials pel funcionament d&#8217;internet, aportant innombrables avantatges en la prestaci\u00f3 de serveis interactius, facilitant la navegaci\u00f3 i usabilitat de la nostra web. La informaci\u00f3 que li proporcionem a continuaci\u00f3, l&#8217;ajudar\u00e0 a comprendre els diferents tipus de cookies:<\/p>\n<table cellspacing=\"0\" cellpadding=\"0\">\n<tbody>\n<tr>\n<td colspan=\"3\" valign=\"top\"><b>CLASSES DE COOKIES<\/b><\/td>\n<\/tr>\n<tr>\n<td rowspan=\"2\" valign=\"top\"><b>SEGONS L\u2019ENTITAT <\/b><b>QUE <\/b><b>LES<\/b><b> <\/b><b>GESTIONI<\/b><\/td>\n<td valign=\"top\">Cookies pr\u00f2pies<\/td>\n<td valign=\"top\">S\u00f3n aquelles que es recapten pel mateix editor per prestar el servei sol\u00b7licitat per l&#8217;usuari.<\/td>\n<\/tr>\n<tr>\n<td valign=\"top\">Cookies de tercer<\/td>\n<td valign=\"top\">S\u00f3n aquelles que s\u00f3n recollides i gestionades per un tercer, aquestes no es poden considerar pr\u00f2pies.<\/td>\n<\/tr>\n<tr>\n<td valign=\"top\"><b>SEGONS <\/b><b>EL <\/b><b>TEMPS QUE <\/b><b>ES <\/b><b>TROBEN ACTIVADES \u00a0 \u00a0<\/b><\/td>\n<td colspan=\"2\" valign=\"top\">Cookies de Recullen dades mentre l&#8217;usuari navega per la sessi\u00f3 xarxa amb la finalitat de prestar el servei<\/p>\n<p>sol\u00b7licitat.<\/p>\n<p>S&#8217;emmagatzemen en el terminal i la informaci\u00f3 Cookies obtinguda ser\u00e0 utilitzada pel responsable de la persistents cookie amb la finalitat de prestar el servei<\/p>\n<p>sol\u00b7licitat.<\/td>\n<\/tr>\n<tr>\n<td valign=\"top\"><b>SEGONS <\/b><b>LA <\/b><b>SEVA FINALITAT<\/b><\/td>\n<td colspan=\"2\" valign=\"top\">Cookies S\u00f3n les necess\u00e0ries per a la correcta navegaci\u00f3 t\u00e8cniques per la web.<\/p>\n<p>Cookies de Permeten a l&#8217;usuari les caracter\u00edstiques (idioma) personalitzaci\u00f3 per a la navegaci\u00f3 per la web<\/p>\n<p>Permeten al prestador l&#8217;an\u00e0lisi vinculat a la Cookies navegaci\u00f3 realitzada per l&#8217;usuari, amb la finalitat<\/p>\n<p>d\u2019an\u00e0lisis <span class=\"Apple-converted-space\">\u00a0 \u00a0 \u00a0 \u00a0 \u00a0 <\/span>de dur un seguiment d&#8217;\u00fas de la p\u00e0gina web, aix\u00ed<\/p>\n<p>com realitzar estad\u00edstiques dels continguts m\u00e9s<\/p>\n<p>visitats, nombre de visitants, etc.<\/p>\n<p>Cookies Permeten a l&#8217;editor incloure a la web, espais publicit\u00e0ries publicitaris, segons el contingut de la pr\u00f2pia web.<\/p>\n<p>Cookies de Permeten a l&#8217;editor incloure a la p\u00e0gina web publicitat espais publicitaris segons la informaci\u00f3 obtinguda comportament a trav\u00e9s dels h\u00e0bits de navegaci\u00f3 de l&#8217;usuari.<\/td>\n<\/tr>\n<\/tbody>\n<\/table>\n<p>&nbsp;<\/p>\n<p>Segons el que disposa l&#8217;article 22.2 de la Llei 34\/2002, de 11 de juliol, de Serveis de la Societat de la Informaci\u00f3 i de Comer\u00e7 Electr\u00f2nic (LSSI-CE), VILAR REFRIGERACI\u00d3 AIRE CONDICIONAT SL informa de les cookies utilitzades a la nostra web:<\/p>\n<p>&nbsp;<\/p>\n<table cellspacing=\"0\" cellpadding=\"0\">\n<tbody>\n<tr>\n<td valign=\"top\"><\/td>\n<td colspan=\"4\" valign=\"top\"><b>\u00a0CLASSES DE COOKIES<\/b><\/td>\n<\/tr>\n<tr>\n<td valign=\"top\"><b>FINALITAT<\/b><\/td>\n<td valign=\"top\">\u00a0Cookies pr\u00f2pies.<\/td>\n<td valign=\"top\">\u00a0Cookies de tercer.<\/td>\n<td valign=\"top\">\u00a0Cookies de sessi\u00f3.<\/td>\n<td valign=\"top\">\u00a0Cookies persistents.<\/td>\n<\/tr>\n<tr>\n<td valign=\"top\">Cookies t\u00e8cniques<\/td>\n<td valign=\"top\">\u00a0_icl_current_language<\/p>\n<p>PHPSESSID<\/td>\n<td valign=\"top\">\u00a0_ga<\/td>\n<td valign=\"top\">\u00a0_icl_current_language<\/p>\n<p>PHPSESSID<\/td>\n<td valign=\"top\"><\/td>\n<\/tr>\n<tr>\n<td valign=\"top\">Cookies de personalitzaci\u00f3<\/td>\n<td valign=\"top\"><\/td>\n<td valign=\"top\"><\/td>\n<td valign=\"top\"><\/td>\n<td valign=\"top\"><\/td>\n<\/tr>\n<tr>\n<td valign=\"top\">Cookies de an\u00e0lisis<\/td>\n<td valign=\"top\"><\/td>\n<td valign=\"top\">\u00a0__utma<\/p>\n<p>__utmb<\/p>\n<p>__utmc<\/p>\n<p>__utmz<\/td>\n<td valign=\"top\">\u00a0__utmc<\/p>\n<p>__utmz<\/td>\n<td valign=\"top\">\u00a0__utma<\/p>\n<p>__utmb<\/td>\n<\/tr>\n<tr>\n<td valign=\"top\">Cookies publicit\u00e0ries<\/td>\n<td valign=\"top\"><\/td>\n<td valign=\"top\"><\/td>\n<td valign=\"top\"><\/td>\n<td valign=\"top\"><\/td>\n<\/tr>\n<tr>\n<td valign=\"top\">Cookies de publicitat comportament.<\/td>\n<td valign=\"top\"><\/td>\n<td valign=\"top\"><\/td>\n<td valign=\"top\"><\/td>\n<td valign=\"top\"><\/td>\n<\/tr>\n<\/tbody>\n<\/table>\n<p>&nbsp;<\/p>\n<table cellspacing=\"0\" cellpadding=\"0\">\n<tbody>\n<tr>\n<td valign=\"top\"><span style=\"color: #000000; font-family: Verdana; font-size: medium;\">_ga, _gat, _gid,<\/span><\/p>\n<p><span style=\"color: #000000; font-family: Verdana; font-size: medium;\"><u><span class=\"Apple-converted-space\">\u00a0 <\/span><\/u>utma, <u> <\/u>utmb,<\/span><\/p>\n<p><span style=\"color: #000000; font-family: Verdana; font-size: medium;\"><u><span class=\"Apple-converted-space\">\u00a0 <\/span><\/u>utmc, <u> <\/u>utmt,<\/span><\/p>\n<p><span style=\"color: #000000; font-family: Verdana; font-size: medium;\"><u><span class=\"Apple-converted-space\">\u00a0 <\/span><\/u>utmz<\/span><\/td>\n<td valign=\"top\"><span style=\"color: #000000; font-family: Verdana; font-size: medium;\">\u00a0An\u00e1lisis.\u00a0<\/span><\/td>\n<td valign=\"top\">\n<p style=\"padding-left: 40px;\" align=\"justify\"><span style=\"color: #000000; font-family: Verdana; font-size: medium;\"><b>Google Analytics: <\/b>Emmagatzema cookies per poder elaborar estad\u00edstiques sobre el tr\u00e0nsit i volum de visites d&#8217;aquest web. En utilitzar aquest lloc web est\u00e0 consentint el tractament d&#8217;informaci\u00f3 sobre vost\u00e8 per Google.<\/span> <span style=\"color: #000000; font-family: Verdana; font-size: medium;\">Per<\/span> <span style=\"color: #000000; font-family: Verdana; font-size: medium;\">tant,<\/span> <span style=\"color: #000000; font-family: Verdana; font-size: medium;\">l&#8217;exercici<\/span> <span style=\"color: #000000; font-family: Verdana; font-size: medium;\">de<\/span> <span style=\"color: #000000; font-family: Verdana; font-size: medium;\">qualsevol<\/span><span style=\"color: #000000; font-family: Verdana; font-size: medium;\">dret<\/span> <span style=\"color: #000000; font-family: Verdana; font-size: medium;\">en<\/span> <span style=\"color: #000000; font-family: Verdana; font-size: medium;\">aquest sentit haur\u00e0 de fer comunicant directament amb Google.<\/span><\/p>\n<p style=\"padding-left: 40px;\" align=\"justify\"><span style=\"color: #000000; font-family: Verdana; font-size: medium;\">Les cookies de Google Analytics, s&#8217;emmagatzemen en els servidors als Estats Units i es compromet a no compartir-la amb tercers, excepte en els casos en<\/span> <span style=\"color: #000000; font-family: Verdana; font-size: medium;\">qu\u00e8 sigui<\/span> <span style=\"color: #000000; font-family: Verdana; font-size: medium;\">necessari<\/span> <span style=\"color: #000000; font-family: Verdana; font-size: medium;\">per<\/span> <span style=\"color: #000000; font-family: Verdana; font-size: medium;\">al<\/span> <span style=\"color: #000000; font-family: Verdana; font-size: medium;\">funcionament<\/span> <span style=\"color: #000000; font-family: Verdana; font-size: medium;\">del<\/span><span style=\"color: #000000; font-family: Verdana; font-size: medium;\">sistema<\/span> <span style=\"color: #000000; font-family: Verdana; font-size: medium;\">o<\/span> <span style=\"color: #000000; font-family: Verdana; font-size: medium;\">quan la llei obligui a aquest efecte. Segons Google no guarda la seva adre\u00e7a<\/span> <span style=\"color: #000000; font-family: Verdana; font-size: medium;\">IP.<\/span><\/p>\n<p style=\"padding-left: 40px;\" align=\"justify\"><span style=\"color: #000000; font-family: Verdana; font-size: medium;\">Google Inc \u00e9s una companyia adherida a \u00abPrivacy Shiels\u00bb (escut de privacitat) que garanteix que totes\u00a0les dades transferides seran tractades amb un nivell de protecci\u00f3 d&#8217;acord amb la normativa europea. Podeu consultar informaci\u00f3 detallada referent a aix\u00f2 a trav\u00e9s del seg\u00fcent enlla\u00e7: https:\/\/support.google.com\/analytics\/answer\/600424 5<br \/>\nSi ho desitja pot utilitzar el complement d&#8217;inhabilitaci\u00f3 per a navegadors de Google Analytics a trav\u00e9s de les instruccions poden rebutjar-se les cookies anal\u00edtiques de l&#8217;esmentat servei en tots els navegadors. Podeu consultar m\u00e9s informaci\u00f3 al respecte en el seg\u00fcent enlla\u00e7: https:\/\/tools.google.com\/dlpage\/gaoptout<\/span><\/p>\n<\/td>\n<\/tr>\n<\/tbody>\n<\/table>\n<p>Aix\u00ed mateix, VILAR REFRIGERACI\u00d3 AIRE CONDICIONAT SL informa a l&#8217;usuari que t\u00e9 la possibilitat de configurar el seu navegador de manera que se li informi de la recepci\u00f3 de cookies, podent, si aix\u00ed ho desitja, impedir que siguin instal\u00b7lades en el seu disc dur.<\/p>\n<p>&nbsp;<\/p>\n<p><em>Com configurar el teu navegador<\/em><\/p>\n<p>Els navegadors d&#8217;internet permeten visualitzar, desactivar, restringir, bloquejar o eliminar les cookies. A continuaci\u00f3 us facilitem els enlla\u00e7os que li permet veure com configurar les cookies en els principals navegadors, si b\u00e9 us recomanem que consulteu el suport o l&#8217;ajuda del vostre navegador per obtenir informaci\u00f3 detallada i actualitzada en funci\u00f3 de la versi\u00f3 del navegador i el terminal utilitzat.<\/p>\n<p><b>Internet Explorer Versi\u00f3<\/b><b> <\/b><b>5<\/b><\/p>\n<p><a href=\"http:\/\/support.microsoft.com\/kb\/196955\/es\" target=\"_blank\" rel=\"noopener\">http:\/\/support.microsoft.com\/kb\/196955\/es<\/a><\/p>\n<p><b>Internet Explorer Versi\u00f3<\/b><b> <\/b><b>6<\/b><\/p>\n<p><a href=\"http:\/\/support.microsoft.com\/kb\/283185\/es\" target=\"_blank\" rel=\"noopener\">http:\/\/support.microsoft.com\/kb\/283185\/es<\/a><\/p>\n<p><b>Internet Explorer Versi\u00f3 7 y 8<\/b><\/p>\n<p><a href=\"http:\/\/windows.microsoft.com\/es-ES\/windows-vista\/Block-or-allow-cookies\" target=\"_blank\" rel=\"noopener\">http:\/\/windows.microsoft.com\/es-ES\/windows-vista\/Block-or-allow-cookies<\/a><\/p>\n<p><b>Internet Explorer Versi\u00f3<\/b><b> <\/b><b>9<\/b><\/p>\n<p><a href=\"http:\/\/windows.microsoft.com\/es-ES\/windows7\/How-to-manage-cookies-in-Internet-Explorer-9\" target=\"_blank\" rel=\"noopener\">http:\/\/windows.microsoft.com\/es-ES\/windows7\/How-to-manage-cookies-in-Internet-<\/a> <a href=\"http:\/\/windows.microsoft.com\/es-ES\/windows7\/How-to-manage-cookies-in-Internet-Explorer-9\" target=\"_blank\" rel=\"noopener\">Explorer-9<\/a><\/p>\n<p><b>Internet Explorer Versi\u00f3<\/b><b> <\/b><b>10<\/b><\/p>\n<p><a href=\"http:\/\/windows.microsoft.com\/es-es\/internet-explorer\/delete-manage-cookies%23ie%253Die-10\" target=\"_blank\" rel=\"noopener\">http:\/\/windows.microsoft.com\/es-es\/internet-explorer\/delete-manage-cookies#ie=ie-<\/a> <a href=\"http:\/\/windows.microsoft.com\/es-es\/internet-explorer\/delete-manage-cookies%23ie%253Die-10\" target=\"_blank\" rel=\"noopener\">10<\/a><\/p>\n<p><b>Internet Explorer Versi\u00f3<\/b><b> <\/b><b>11<\/b><\/p>\n<p><a href=\"http:\/\/windows.microsoft.com\/es-es\/internet-explorer\/delete-manage-cookies%23ie%253Die-11\" target=\"_blank\" rel=\"noopener\">http:\/\/windows.microsoft.com\/es-es\/internet-explorer\/delete-manage-cookies#ie=ie-<\/a> <a href=\"http:\/\/windows.microsoft.com\/es-es\/internet-explorer\/delete-manage-cookies%23ie%253Die-11\" target=\"_blank\" rel=\"noopener\">11<\/a><\/p>\n<p><b>Microsoft Edge<\/b><\/p>\n<p><a href=\"http:\/\/windows.microsoft.com\/es-es\/windows-10\/edge-privacy-faq\" target=\"_blank\" rel=\"noopener\">http:\/\/windows.microsoft.com\/es-es\/windows-10\/edge-privacy-faq<\/a><\/p>\n<p><b>Safari (iPhone, iPad, Mac y otros dispositivos Apple)<\/b><\/p>\n<p><a href=\"http:\/\/support.apple.com\/kb\/PH5042?viewlocale=es_ES\" target=\"_blank\" rel=\"noopener\">http:\/\/support.apple.com\/kb\/PH5042?viewlocale=es_ES<\/a> <a href=\"http:\/\/support.apple.com\/kb\/HT1677?viewlocale=es_ES\" target=\"_blank\" rel=\"noopener\">http:\/\/support.apple.com\/kb\/HT1677?viewlocale=es_ES<\/a><\/p>\n<p><b>Google Chrome<\/b><\/p>\n<p><a href=\"https:\/\/support.google.com\/chrome\/answer\/95647?hl=es&amp;hlrm=en\" target=\"_blank\" rel=\"noopener\">https:\/\/support.google.com\/chrome\/answer\/95647?hl=es&amp;hlrm=en<\/a><\/p>\n<p><b>Firefox<\/b><\/p>\n<p><a href=\"http:\/\/support.mozilla.org\/es\/kb\/cookies-informacion-que-los-sitios-web-guardan-en-?redirectlocale=en-US&amp;redirectslug=Cookies\" target=\"_blank\" rel=\"noopener\">http:\/\/support.mozilla.org\/es\/kb\/cookies-informacion-que-los-sitios-web-guardan-en-<\/a><\/p>\n<p><a href=\"http:\/\/support.mozilla.org\/es\/kb\/cookies-informacion-que-los-sitios-web-guardan-en-?redirectlocale=en-US&amp;redirectslug=Cookies\" target=\"_blank\" rel=\"noopener\">?redirectlocale=en-US&amp;redirectslug=Cookies<\/a><\/p>\n<p><b>Opera<\/b><\/p>\n<p><a href=\"http:\/\/help.opera.com\/Windows\/11.50\/es-ES\/cookies.html\" target=\"_blank\" rel=\"noopener\">http:\/\/help.opera.com\/Windows\/11.50\/es-ES\/cookies.html<\/a><\/p>\n<p><b>Windows Phone<\/b><\/p>\n<p><a href=\"http:\/\/www.windowsphone.com\/es-ES\/how-to\/wp7\/web\/changing-privacy-and-other-browser-settings\" target=\"_blank\" rel=\"noopener\">http:\/\/www.windowsphone.com\/es-ES\/how-to\/wp7\/web\/changing-privacy-and-other-<\/a> <a href=\"http:\/\/www.windowsphone.com\/es-ES\/how-to\/wp7\/web\/changing-privacy-and-other-browser-settings\" target=\"_blank\" rel=\"noopener\">browser-settings<\/a><\/p>\n<p><b>Blackberry<\/b><\/p>\n<p><a href=\"https:\/\/help.blackberry.com\/es\/blackberry-z10\/10.3.1\/help\/mwa1334238823957.html\" target=\"_blank\" rel=\"noopener\">https:\/\/help.blackberry.com\/es\/blackberry-z10\/10.3.1\/help\/mwa1334238823957.html<\/a><\/p>\n<p>Aix\u00ed mateix, l&#8217;informem que alguns navegadors permeten activar un mode privat o inc\u00f2gnit de navegaci\u00f3 en virtut del qual les cookies s&#8217;instal\u00b7len al terminal per\u00f2 s&#8217;eliminen de manera autom\u00e0tica quan finalitza la sessi\u00f3 de navegaci\u00f3.[\/vc_column_text]<div class=\"ult-spacer spacer-6a05d2c05f997\" data-id=\"6a05d2c05f997\" data-height=\"120\" data-height-mobile=\"120\" data-height-tab=\"120\" data-height-tab-portrait=\"\" data-height-mobile-landscape=\"\" style=\"clear:both;display:block;\"><\/div>[\/vc_column][\/vc_row]\n","protected":false},"excerpt":{"rendered":"<p>[vc_row][vc_column][vc_column_text]Una Cookie \u00e9s un fitxer que es descarrega en l\u2019ordinador en accedir a determinades p\u00e0gines web. Les cookies permeten a una p\u00e0gina web, entre altres coses, emmagatzemar i recuperar informaci\u00f3 sobre els h\u00e0bits de navegaci\u00f3 d&#8217;un usuari o del seu equip i, depenent de la informaci\u00f3 que contingui i de la forma en qu\u00e8 utilitzi el seu equip, es poden utilitzar per recon\u00e8ixer a l&#8217;usuari. Les cookies s\u00f3n essencials pel funcionament d&#8217;internet, aportant innombrables avantatges en la prestaci\u00f3 de serveis interactius, facilitant la navegaci\u00f3 i usabilitat de la nostra web. La informaci\u00f3 que li proporcionem a continuaci\u00f3, l&#8217;ajudar\u00e0 a comprendre els diferents tipus de cookies: CLASSES DE COOKIES SEGONS L\u2019ENTITAT QUE LES GESTIONI Cookies pr\u00f2pies S\u00f3n aquelles que es recapten pel mateix editor per prestar el servei sol\u00b7licitat per l&#8217;usuari. Cookies de tercer S\u00f3n aquelles que s\u00f3n recollides i gestionades per un tercer, aquestes no es poden considerar pr\u00f2pies. SEGONS EL TEMPS QUE ES TROBEN ACTIVADES \u00a0 \u00a0 Cookies de Recullen dades mentre l&#8217;usuari navega per la sessi\u00f3 xarxa amb la finalitat de prestar el servei sol\u00b7licitat. S&#8217;emmagatzemen en el terminal i la informaci\u00f3 Cookies obtinguda ser\u00e0 utilitzada pel responsable de la persistents cookie amb la finalitat de prestar el servei sol\u00b7licitat. SEGONS LA SEVA FINALITAT Cookies S\u00f3n les necess\u00e0ries per a la correcta navegaci\u00f3 t\u00e8cniques per la web. Cookies de Permeten a l&#8217;usuari les caracter\u00edstiques (idioma) personalitzaci\u00f3 per a la navegaci\u00f3 per la web Permeten al prestador l&#8217;an\u00e0lisi vinculat a la Cookies navegaci\u00f3 realitzada per l&#8217;usuari, amb la finalitat d\u2019an\u00e0lisis \u00a0 \u00a0 \u00a0 \u00a0 \u00a0 de dur un seguiment d&#8217;\u00fas de la p\u00e0gina web, aix\u00ed com realitzar estad\u00edstiques dels continguts m\u00e9s visitats, nombre de visitants, etc. Cookies Permeten a l&#8217;editor incloure a la web, espais publicit\u00e0ries publicitaris, segons el contingut de la pr\u00f2pia web. Cookies de Permeten a l&#8217;editor incloure a la p\u00e0gina web publicitat espais publicitaris segons la informaci\u00f3 obtinguda comportament a trav\u00e9s dels h\u00e0bits de navegaci\u00f3 de l&#8217;usuari. &nbsp; Segons el que disposa l&#8217;article 22.2 de la Llei 34\/2002, de 11 de juliol, de Serveis de la Societat de la Informaci\u00f3 i de Comer\u00e7 Electr\u00f2nic (LSSI-CE), VILAR REFRIGERACI\u00d3 AIRE CONDICIONAT SL informa de les cookies utilitzades a la nostra web: &nbsp; \u00a0CLASSES DE COOKIES FINALITAT \u00a0Cookies pr\u00f2pies. \u00a0Cookies de tercer. \u00a0Cookies de sessi\u00f3. \u00a0Cookies persistents. Cookies t\u00e8cniques \u00a0_icl_current_language PHPSESSID \u00a0_ga \u00a0_icl_current_language PHPSESSID Cookies de personalitzaci\u00f3 Cookies de an\u00e0lisis \u00a0__utma __utmb __utmc __utmz \u00a0__utmc __utmz \u00a0__utma __utmb Cookies publicit\u00e0ries Cookies de publicitat comportament. &nbsp; _ga, _gat, _gid, \u00a0 utma, utmb, \u00a0 utmc, utmt, \u00a0 utmz \u00a0An\u00e1lisis.\u00a0 Google Analytics: Emmagatzema cookies per poder elaborar estad\u00edstiques sobre el tr\u00e0nsit i volum de visites d&#8217;aquest web. En utilitzar aquest lloc web est\u00e0 consentint el tractament d&#8217;informaci\u00f3 sobre vost\u00e8 per Google. Per tant, l&#8217;exercici de qualsevoldret en aquest sentit haur\u00e0 de fer comunicant directament amb Google. Les cookies de Google Analytics, s&#8217;emmagatzemen en els servidors als Estats Units i es compromet a no compartir-la amb tercers, excepte en els casos en qu\u00e8 sigui necessari per al funcionament delsistema o quan la llei obligui a aquest efecte. Segons Google no guarda la seva adre\u00e7a IP. Google Inc \u00e9s una companyia adherida a \u00abPrivacy Shiels\u00bb (escut de privacitat) que garanteix que totes\u00a0les dades transferides seran tractades amb un nivell de protecci\u00f3 d&#8217;acord amb la normativa europea. Podeu consultar informaci\u00f3 detallada referent a aix\u00f2 a trav\u00e9s del seg\u00fcent enlla\u00e7: https:\/\/support.google.com\/analytics\/answer\/600424 5 Si ho desitja pot utilitzar el complement d&#8217;inhabilitaci\u00f3 per a navegadors de Google Analytics a trav\u00e9s de les instruccions poden rebutjar-se les cookies anal\u00edtiques de l&#8217;esmentat servei en tots els navegadors. Podeu consultar m\u00e9s informaci\u00f3 al respecte en el seg\u00fcent enlla\u00e7: https:\/\/tools.google.com\/dlpage\/gaoptout Aix\u00ed mateix, VILAR REFRIGERACI\u00d3 AIRE CONDICIONAT SL informa a l&#8217;usuari que t\u00e9 la possibilitat de configurar el seu navegador de manera que se li informi de la recepci\u00f3 de cookies, podent, si aix\u00ed ho desitja, impedir que siguin instal\u00b7lades en el seu disc dur. &nbsp; Com configurar el teu navegador Els navegadors d&#8217;internet permeten visualitzar, desactivar, restringir, bloquejar o eliminar les cookies. A continuaci\u00f3 us facilitem els enlla\u00e7os que li permet veure com configurar les cookies en els principals navegadors, si b\u00e9 us recomanem que consulteu el suport o l&#8217;ajuda del vostre navegador per obtenir informaci\u00f3 detallada i actualitzada en funci\u00f3 de la versi\u00f3 del navegador i el terminal utilitzat. Internet Explorer Versi\u00f3 5 http:\/\/support.microsoft.com\/kb\/196955\/es Internet Explorer Versi\u00f3 6 http:\/\/support.microsoft.com\/kb\/283185\/es Internet Explorer Versi\u00f3 7 y 8 http:\/\/windows.microsoft.com\/es-ES\/windows-vista\/Block-or-allow-cookies Internet Explorer Versi\u00f3 9 http:\/\/windows.microsoft.com\/es-ES\/windows7\/How-to-manage-cookies-in-Internet- Explorer-9 Internet Explorer Versi\u00f3 10 http:\/\/windows.microsoft.com\/es-es\/internet-explorer\/delete-manage-cookies#ie=ie- 10 Internet Explorer Versi\u00f3 11 http:\/\/windows.microsoft.com\/es-es\/internet-explorer\/delete-manage-cookies#ie=ie- 11 Microsoft Edge http:\/\/windows.microsoft.com\/es-es\/windows-10\/edge-privacy-faq Safari (iPhone, iPad, Mac y otros dispositivos Apple) http:\/\/support.apple.com\/kb\/PH5042?viewlocale=es_ES http:\/\/support.apple.com\/kb\/HT1677?viewlocale=es_ES Google Chrome https:\/\/support.google.com\/chrome\/answer\/95647?hl=es&amp;hlrm=en Firefox http:\/\/support.mozilla.org\/es\/kb\/cookies-informacion-que-los-sitios-web-guardan-en- ?redirectlocale=en-US&amp;redirectslug=Cookies Opera http:\/\/help.opera.com\/Windows\/11.50\/es-ES\/cookies.html Windows Phone http:\/\/www.windowsphone.com\/es-ES\/how-to\/wp7\/web\/changing-privacy-and-other- browser-settings Blackberry https:\/\/help.blackberry.com\/es\/blackberry-z10\/10.3.1\/help\/mwa1334238823957.html Aix\u00ed mateix, l&#8217;informem que alguns navegadors permeten activar un mode privat o inc\u00f2gnit de navegaci\u00f3 en virtut del qual les cookies s&#8217;instal\u00b7len al terminal per\u00f2 s&#8217;eliminen de manera autom\u00e0tica quan finalitza la sessi\u00f3 de navegaci\u00f3.[\/vc_column_text][\/vc_column][\/vc_row]<\/p>\n","protected":false},"author":1,"featured_media":0,"parent":0,"menu_order":0,"comment_status":"closed","ping_status":"closed","template":"","meta":{"footnotes":""},"class_list":["post-717","page","type-page","status-publish","hentry","entry","post-inner"],"_links":{"self":[{"href":"https:\/\/vilar-refrigeracio.com\/es\/wp-json\/wp\/v2\/pages\/717","targetHints":{"allow":["GET"]}}],"collection":[{"href":"https:\/\/vilar-refrigeracio.com\/es\/wp-json\/wp\/v2\/pages"}],"about":[{"href":"https:\/\/vilar-refrigeracio.com\/es\/wp-json\/wp\/v2\/types\/page"}],"author":[{"embeddable":true,"href":"https:\/\/vilar-refrigeracio.com\/es\/wp-json\/wp\/v2\/users\/1"}],"replies":[{"embeddable":true,"href":"https:\/\/vilar-refrigeracio.com\/es\/wp-json\/wp\/v2\/comments?post=717"}],"version-history":[{"count":1,"href":"https:\/\/vilar-refrigeracio.com\/es\/wp-json\/wp\/v2\/pages\/717\/revisions"}],"predecessor-version":[{"id":718,"href":"https:\/\/vilar-refrigeracio.com\/es\/wp-json\/wp\/v2\/pages\/717\/revisions\/718"}],"wp:attachment":[{"href":"https:\/\/vilar-refrigeracio.com\/es\/wp-json\/wp\/v2\/media?parent=717"}],"curies":[{"name":"wp","href":"https:\/\/api.w.org\/{rel}","templated":true}]}}